{"id":9414,"date":"2025-10-12T21:27:55","date_gmt":"2025-10-12T19:27:55","guid":{"rendered":"https:\/\/www.lechemindetraverse.com\/?post_type=product&#038;p=9414"},"modified":"2025-10-12T21:27:55","modified_gmt":"2025-10-12T19:27:55","slug":"vide-poche-feuille-dautomne-something-different","status":"publish","type":"product","link":"https:\/\/www.lechemindetraverse.com\/en\/product\/boiling-cauldron\/decoration-harry-potter\/vide-poche-feuille-dautomne-something-different\/","title":{"rendered":"Autumn Leaf Trunk Liner \u2013 Something Different"},"content":{"rendered":"<p>Ce plat en c\u00e9ramique est l&rsquo;accessoire id\u00e9al pour ajouter une touche automnale \u00e0 votre int\u00e9rieur. Il est d\u00e9licatement fa\u00e7onn\u00e9 en forme de feuille d&rsquo;automne aux couleurs vives et son design polyvalent est id\u00e9al pour y d\u00e9poser de petits objets, des bijoux ou m\u00eame pour servir d&rsquo;\u00e9l\u00e9ment d\u00e9coratif sur une table ou une commode.<\/p>","protected":false},"excerpt":{"rendered":"<p>Dimensions : 18,5 cm x 11 cm x 2cm<\/p>","protected":false},"featured_media":9447,"comment_status":"closed","ping_status":"closed","template":"","meta":{"_seopress_robots_primary_cat":"","_seopress_titles_title":"","_seopress_titles_desc":"","_seopress_robots_index":""},"product_brand":[126],"product_cat":[105],"product_tag":[],"class_list":{"0":"post-9414","1":"product","2":"type-product","3":"status-publish","4":"has-post-thumbnail","6":"product_brand-something-different","7":"product_cat-decoration-harry-potter","9":"first","10":"instock","11":"shipping-taxable","12":"purchasable","13":"product-type-simple"},"_links":{"self":[{"href":"https:\/\/www.lechemindetraverse.com\/en\/wp-json\/wp\/v2\/product\/9414","targetHints":{"allow":["GET"]}}],"collection":[{"href":"https:\/\/www.lechemindetraverse.com\/en\/wp-json\/wp\/v2\/product"}],"about":[{"href":"https:\/\/www.lechemindetraverse.com\/en\/wp-json\/wp\/v2\/types\/product"}],"replies":[{"embeddable":true,"href":"https:\/\/www.lechemindetraverse.com\/en\/wp-json\/wp\/v2\/comments?post=9414"}],"wp:featuredmedia":[{"embeddable":true,"href":"https:\/\/www.lechemindetraverse.com\/en\/wp-json\/wp\/v2\/media\/9447"}],"wp:attachment":[{"href":"https:\/\/www.lechemindetraverse.com\/en\/wp-json\/wp\/v2\/media?parent=9414"}],"wp:term":[{"taxonomy":"product_brand","embeddable":true,"href":"https:\/\/www.lechemindetraverse.com\/en\/wp-json\/wp\/v2\/product_brand?post=9414"},{"taxonomy":"product_cat","embeddable":true,"href":"https:\/\/www.lechemindetraverse.com\/en\/wp-json\/wp\/v2\/product_cat?post=9414"},{"taxonomy":"product_tag","embeddable":true,"href":"https:\/\/www.lechemindetraverse.com\/en\/wp-json\/wp\/v2\/product_tag?post=9414"}],"curies":[{"name":"wp","href":"https:\/\/api.w.org\/{rel}","templated":true}]}}