{"id":9416,"date":"2025-10-12T21:40:54","date_gmt":"2025-10-12T19:40:54","guid":{"rendered":"https:\/\/www.lechemindetraverse.com\/?post_type=product&#038;p=9416"},"modified":"2025-10-18T23:16:38","modified_gmt":"2025-10-18T21:16:38","slug":"mug-de-sorcieres-girls-will-be-girls-something-different","status":"publish","type":"product","link":"https:\/\/www.lechemindetraverse.com\/en\/product\/boiling-cauldron\/tasses-mugs\/mug-de-sorcieres-girls-will-be-girls-something-different\/","title":{"rendered":"Mug de Sorci\u00e8res \u00ab\u00a0Girls will be Girls\u00a0\u00bb &#8211; Something Different"},"content":{"rendered":"<p>Pr\u00e9parez votre caf\u00e9 du matin avec cette tasse noire orn\u00e9e de trois sorci\u00e8res envo\u00fbtantes et du texte \u00ab Girls Will Be Girls \u00bb. Id\u00e9ale pour c\u00e9l\u00e9brer l&rsquo;amiti\u00e9 et la sororit\u00e9 avec une touche magique. Contenance de 320 ml. Passe au micro-ondes. Passe au lave-vaisselle.<\/p>\n<p>Les accessoires pr\u00e9sent\u00e9s en photo compl\u00e9mentaire ne sont pas inclus.<\/p>","protected":false},"excerpt":{"rendered":"<p>Dimensions : 12 cm x 9 cm x 8,5 cm<\/p>","protected":false},"featured_media":9458,"comment_status":"closed","ping_status":"closed","template":"","meta":{"_seopress_robots_primary_cat":"","_seopress_titles_title":"","_seopress_titles_desc":"","_seopress_robots_index":""},"product_brand":[126],"product_cat":[130],"product_tag":[],"class_list":{"0":"post-9416","1":"product","2":"type-product","3":"status-publish","4":"has-post-thumbnail","6":"product_brand-something-different","7":"product_cat-tasses-mugs","9":"first","10":"instock","11":"shipping-taxable","12":"purchasable","13":"product-type-simple"},"_links":{"self":[{"href":"https:\/\/www.lechemindetraverse.com\/en\/wp-json\/wp\/v2\/product\/9416","targetHints":{"allow":["GET"]}}],"collection":[{"href":"https:\/\/www.lechemindetraverse.com\/en\/wp-json\/wp\/v2\/product"}],"about":[{"href":"https:\/\/www.lechemindetraverse.com\/en\/wp-json\/wp\/v2\/types\/product"}],"replies":[{"embeddable":true,"href":"https:\/\/www.lechemindetraverse.com\/en\/wp-json\/wp\/v2\/comments?post=9416"}],"wp:featuredmedia":[{"embeddable":true,"href":"https:\/\/www.lechemindetraverse.com\/en\/wp-json\/wp\/v2\/media\/9458"}],"wp:attachment":[{"href":"https:\/\/www.lechemindetraverse.com\/en\/wp-json\/wp\/v2\/media?parent=9416"}],"wp:term":[{"taxonomy":"product_brand","embeddable":true,"href":"https:\/\/www.lechemindetraverse.com\/en\/wp-json\/wp\/v2\/product_brand?post=9416"},{"taxonomy":"product_cat","embeddable":true,"href":"https:\/\/www.lechemindetraverse.com\/en\/wp-json\/wp\/v2\/product_cat?post=9416"},{"taxonomy":"product_tag","embeddable":true,"href":"https:\/\/www.lechemindetraverse.com\/en\/wp-json\/wp\/v2\/product_tag?post=9416"}],"curies":[{"name":"wp","href":"https:\/\/api.w.org\/{rel}","templated":true}]}}