{"id":9417,"date":"2025-10-12T21:40:54","date_gmt":"2025-10-12T19:40:54","guid":{"rendered":"https:\/\/www.lechemindetraverse.com\/?post_type=product&#038;p=9417"},"modified":"2025-10-12T22:59:00","modified_gmt":"2025-10-12T20:59:00","slug":"mug-de-sorcieres-local-coven-something-different","status":"publish","type":"product","link":"https:\/\/www.lechemindetraverse.com\/en\/product\/boiling-cauldron\/tasses-mugs\/mug-de-sorcieres-local-coven-something-different\/","title":{"rendered":"Mug de Sorci\u00e8res \u00ab\u00a0Local Coven\u00a0\u00bb &#8211; Something Different"},"content":{"rendered":"<p>Montrez votre soutien \u00e0 tout ce qui touche \u00e0 la magie avec cette tasse en c\u00e9ramique noire orn\u00e9e de balais crois\u00e9s et de la phrase \u00ab Support Your Local Witch Coven \u00bb (Soutenez votre coven local). Un indispensable pour les sorci\u00e8res modernes, les amateurs de caf\u00e9 mystiques et tous ceux qui soutiennent fi\u00e8rement leur coven. Contenance de 320 ml. Passe au micro-ondes. Passe au lave-vaisselle.<\/p>\n<p>Les accessoires pr\u00e9sent\u00e9s en photo compl\u00e9mentaire ne sont pas inclus.<\/p>","protected":false},"excerpt":{"rendered":"<p>Dimensions : 12 cm x 9 cm x 8,5 cm<\/p>","protected":false},"featured_media":9462,"comment_status":"closed","ping_status":"closed","template":"","meta":{"_seopress_robots_primary_cat":"","_seopress_titles_title":"","_seopress_titles_desc":"","_seopress_robots_index":""},"product_brand":[126],"product_cat":[130],"product_tag":[],"class_list":{"0":"post-9417","1":"product","2":"type-product","3":"status-publish","4":"has-post-thumbnail","6":"product_brand-something-different","7":"product_cat-tasses-mugs","9":"first","10":"instock","11":"shipping-taxable","12":"purchasable","13":"product-type-simple"},"_links":{"self":[{"href":"https:\/\/www.lechemindetraverse.com\/en\/wp-json\/wp\/v2\/product\/9417","targetHints":{"allow":["GET"]}}],"collection":[{"href":"https:\/\/www.lechemindetraverse.com\/en\/wp-json\/wp\/v2\/product"}],"about":[{"href":"https:\/\/www.lechemindetraverse.com\/en\/wp-json\/wp\/v2\/types\/product"}],"replies":[{"embeddable":true,"href":"https:\/\/www.lechemindetraverse.com\/en\/wp-json\/wp\/v2\/comments?post=9417"}],"wp:featuredmedia":[{"embeddable":true,"href":"https:\/\/www.lechemindetraverse.com\/en\/wp-json\/wp\/v2\/media\/9462"}],"wp:attachment":[{"href":"https:\/\/www.lechemindetraverse.com\/en\/wp-json\/wp\/v2\/media?parent=9417"}],"wp:term":[{"taxonomy":"product_brand","embeddable":true,"href":"https:\/\/www.lechemindetraverse.com\/en\/wp-json\/wp\/v2\/product_brand?post=9417"},{"taxonomy":"product_cat","embeddable":true,"href":"https:\/\/www.lechemindetraverse.com\/en\/wp-json\/wp\/v2\/product_cat?post=9417"},{"taxonomy":"product_tag","embeddable":true,"href":"https:\/\/www.lechemindetraverse.com\/en\/wp-json\/wp\/v2\/product_tag?post=9417"}],"curies":[{"name":"wp","href":"https:\/\/api.w.org\/{rel}","templated":true}]}}