{"id":9420,"date":"2025-10-12T21:51:12","date_gmt":"2025-10-12T19:51:12","guid":{"rendered":"https:\/\/www.lechemindetraverse.com\/?post_type=product&#038;p=9420"},"modified":"2025-10-23T21:32:19","modified_gmt":"2025-10-23T19:32:19","slug":"banniere-de-sorcieres-local-coven-a-suspendre-something-different","status":"publish","type":"product","link":"https:\/\/www.lechemindetraverse.com\/en\/product\/boiling-cauldron\/decoration-harry-potter\/banniere-de-sorcieres-local-coven-a-suspendre-something-different\/","title":{"rendered":"Banni\u00e8re de Sorci\u00e8res \u00ab\u00a0Local Coven\u00a0\u00bb \u00e0 Suspendre &#8211; Something Different"},"content":{"rendered":"<p>Affirmez votre style avec cette banni\u00e8re gothique en tissu sur laquelle est inscrit \u00ab Support Your Local Witch Coven \u00bb (Soutenez votre coven local) \u00e0 c\u00f4t\u00e9 d&rsquo;un motif repr\u00e9sentant deux balais crois\u00e9s. Id\u00e9ale pour d\u00e9corer les autels, les murs ou les fen\u00eatres, cette banni\u00e8re est un accessoire amusant pour les sorci\u00e8res, les pratiquants ou les amateurs de tout ce qui touche \u00e0 la magie.<\/p>","protected":false},"excerpt":{"rendered":"<p>Dimensions : 41 cm (lien inclus) X 21 cm X 1 cm<\/p>","protected":false},"featured_media":9475,"comment_status":"closed","ping_status":"closed","template":"","meta":{"_seopress_robots_primary_cat":"none","_seopress_titles_title":"","_seopress_titles_desc":"","_seopress_robots_index":""},"product_brand":[126],"product_cat":[105],"product_tag":[],"class_list":{"0":"post-9420","1":"product","2":"type-product","3":"status-publish","4":"has-post-thumbnail","6":"product_brand-something-different","7":"product_cat-decoration-harry-potter","9":"first","10":"instock","11":"shipping-taxable","12":"purchasable","13":"product-type-simple"},"_links":{"self":[{"href":"https:\/\/www.lechemindetraverse.com\/en\/wp-json\/wp\/v2\/product\/9420","targetHints":{"allow":["GET"]}}],"collection":[{"href":"https:\/\/www.lechemindetraverse.com\/en\/wp-json\/wp\/v2\/product"}],"about":[{"href":"https:\/\/www.lechemindetraverse.com\/en\/wp-json\/wp\/v2\/types\/product"}],"replies":[{"embeddable":true,"href":"https:\/\/www.lechemindetraverse.com\/en\/wp-json\/wp\/v2\/comments?post=9420"}],"wp:featuredmedia":[{"embeddable":true,"href":"https:\/\/www.lechemindetraverse.com\/en\/wp-json\/wp\/v2\/media\/9475"}],"wp:attachment":[{"href":"https:\/\/www.lechemindetraverse.com\/en\/wp-json\/wp\/v2\/media?parent=9420"}],"wp:term":[{"taxonomy":"product_brand","embeddable":true,"href":"https:\/\/www.lechemindetraverse.com\/en\/wp-json\/wp\/v2\/product_brand?post=9420"},{"taxonomy":"product_cat","embeddable":true,"href":"https:\/\/www.lechemindetraverse.com\/en\/wp-json\/wp\/v2\/product_cat?post=9420"},{"taxonomy":"product_tag","embeddable":true,"href":"https:\/\/www.lechemindetraverse.com\/en\/wp-json\/wp\/v2\/product_tag?post=9420"}],"curies":[{"name":"wp","href":"https:\/\/api.w.org\/{rel}","templated":true}]}}