{"id":9421,"date":"2025-10-12T21:59:39","date_gmt":"2025-10-12T19:59:39","guid":{"rendered":"https:\/\/www.lechemindetraverse.com\/?post_type=product&#038;p=9421"},"modified":"2026-03-24T09:49:28","modified_gmt":"2026-03-24T08:49:28","slug":"porte-clefs-chapeau-de-sorciere-coven-sisters-something-different","status":"publish","type":"product","link":"https:\/\/www.lechemindetraverse.com\/en\/product\/mrs-guipure\/porte-cles\/porte-clefs-chapeau-de-sorciere-coven-sisters-something-different\/","title":{"rendered":"Porte-Clefs Chapeau de Sorci\u00e8re \u00ab\u00a0Coven Sisters\u00a0\u00bb &#8211; Something Different"},"content":{"rendered":"<p>Partagez un peu de magie partout o\u00f9 vous allez avec ces porte-cl\u00e9s m\u00e9talliques en forme de chapeau de sorci\u00e8re Coven Sisters, chacun orn\u00e9 d&rsquo;un pendentif en forme de croissant de lune de couleur diff\u00e9rente : bleu, violet et vert. Id\u00e9al pour offrir \u00e0 votre coven, chaque porte-cl\u00e9s est pr\u00e9sent\u00e9 dans un emballage envo\u00fbtant accompagn\u00e9 d&rsquo;un po\u00e8me sorcier.<\/p>\n<p>Porte-cl\u00e9s vendu \u00e0 l&rsquo;unit\u00e9, coloris de charm au choix.<\/p>","protected":false},"excerpt":{"rendered":"<p>3 coloris de charm au choix.<\/p>","protected":false},"featured_media":9479,"comment_status":"closed","ping_status":"closed","template":"","meta":{"_seopress_robots_primary_cat":"none","_seopress_titles_title":"%%post_title%% %%sep%% %%sitetitle%%","_seopress_titles_desc":"3 coloris de charm au choix.","_seopress_robots_index":""},"product_brand":[126],"product_cat":[162],"product_tag":[],"class_list":{"0":"post-9421","1":"product","2":"type-product","3":"status-publish","4":"has-post-thumbnail","6":"product_brand-something-different","7":"product_cat-porte-cles","9":"first","10":"instock","11":"shipping-taxable","12":"purchasable","13":"product-type-variable"},"_links":{"self":[{"href":"https:\/\/www.lechemindetraverse.com\/en\/wp-json\/wp\/v2\/product\/9421","targetHints":{"allow":["GET"]}}],"collection":[{"href":"https:\/\/www.lechemindetraverse.com\/en\/wp-json\/wp\/v2\/product"}],"about":[{"href":"https:\/\/www.lechemindetraverse.com\/en\/wp-json\/wp\/v2\/types\/product"}],"replies":[{"embeddable":true,"href":"https:\/\/www.lechemindetraverse.com\/en\/wp-json\/wp\/v2\/comments?post=9421"}],"wp:featuredmedia":[{"embeddable":true,"href":"https:\/\/www.lechemindetraverse.com\/en\/wp-json\/wp\/v2\/media\/9479"}],"wp:attachment":[{"href":"https:\/\/www.lechemindetraverse.com\/en\/wp-json\/wp\/v2\/media?parent=9421"}],"wp:term":[{"taxonomy":"product_brand","embeddable":true,"href":"https:\/\/www.lechemindetraverse.com\/en\/wp-json\/wp\/v2\/product_brand?post=9421"},{"taxonomy":"product_cat","embeddable":true,"href":"https:\/\/www.lechemindetraverse.com\/en\/wp-json\/wp\/v2\/product_cat?post=9421"},{"taxonomy":"product_tag","embeddable":true,"href":"https:\/\/www.lechemindetraverse.com\/en\/wp-json\/wp\/v2\/product_tag?post=9421"}],"curies":[{"name":"wp","href":"https:\/\/api.w.org\/{rel}","templated":true}]}}