{"id":9422,"date":"2025-10-12T22:06:38","date_gmt":"2025-10-12T20:06:38","guid":{"rendered":"https:\/\/www.lechemindetraverse.com\/?post_type=product&#038;p=9422"},"modified":"2025-10-24T13:49:41","modified_gmt":"2025-10-24T11:49:41","slug":"pendentif-chaudron-coven-sisters-something-different","status":"publish","type":"product","link":"https:\/\/www.lechemindetraverse.com\/en\/product\/mrs-guipure\/bijoux-harry-potter\/pendentif-chaudron-coven-sisters-something-different\/","title":{"rendered":"Pendentif Chaudron \u00ab\u00a0Coven Sisters\u00a0\u00bb &#8211; Something Different"},"content":{"rendered":"<p>C\u00e9l\u00e9brez la sororit\u00e9 et la sorcellerie avec cet ensemble enchanteur de 3 colliers \u00e0 breloque en forme de chaudron, chacun orn\u00e9 d&rsquo;un croissant de lune dans une teinte mystique diff\u00e9rente : bleu, violet et vert. Parfaits pour \u00eatre partag\u00e9s avec votre coven ou offerts \u00e0 vos coll\u00e8gues sorci\u00e8res, chaque collier est pr\u00e9sent\u00e9 dans un emballage th\u00e9matique accompagn\u00e9 d&rsquo;un po\u00e8me magique. Peut contenir des traces de nickel et est fabriqu\u00e9 \u00e0 partir d&rsquo;un alliage conforme \u00e0 la sp\u00e9cification REACH.<\/p>","protected":false},"excerpt":{"rendered":"<p>3 coloris de charm au choix.<\/p>","protected":false},"featured_media":9490,"comment_status":"closed","ping_status":"closed","template":"","meta":{"_seopress_robots_primary_cat":"none","_seopress_titles_title":"%%post_title%% %%sep%% %%sitetitle%%","_seopress_titles_desc":"3 coloris de charm au choix.","_seopress_robots_index":""},"product_brand":[126],"product_cat":[110],"product_tag":[],"class_list":{"0":"post-9422","1":"product","2":"type-product","3":"status-publish","4":"has-post-thumbnail","6":"product_brand-something-different","7":"product_cat-bijoux-harry-potter","9":"first","10":"instock","11":"shipping-taxable","12":"purchasable","13":"product-type-variable"},"_links":{"self":[{"href":"https:\/\/www.lechemindetraverse.com\/en\/wp-json\/wp\/v2\/product\/9422","targetHints":{"allow":["GET"]}}],"collection":[{"href":"https:\/\/www.lechemindetraverse.com\/en\/wp-json\/wp\/v2\/product"}],"about":[{"href":"https:\/\/www.lechemindetraverse.com\/en\/wp-json\/wp\/v2\/types\/product"}],"replies":[{"embeddable":true,"href":"https:\/\/www.lechemindetraverse.com\/en\/wp-json\/wp\/v2\/comments?post=9422"}],"wp:featuredmedia":[{"embeddable":true,"href":"https:\/\/www.lechemindetraverse.com\/en\/wp-json\/wp\/v2\/media\/9490"}],"wp:attachment":[{"href":"https:\/\/www.lechemindetraverse.com\/en\/wp-json\/wp\/v2\/media?parent=9422"}],"wp:term":[{"taxonomy":"product_brand","embeddable":true,"href":"https:\/\/www.lechemindetraverse.com\/en\/wp-json\/wp\/v2\/product_brand?post=9422"},{"taxonomy":"product_cat","embeddable":true,"href":"https:\/\/www.lechemindetraverse.com\/en\/wp-json\/wp\/v2\/product_cat?post=9422"},{"taxonomy":"product_tag","embeddable":true,"href":"https:\/\/www.lechemindetraverse.com\/en\/wp-json\/wp\/v2\/product_tag?post=9422"}],"curies":[{"name":"wp","href":"https:\/\/api.w.org\/{rel}","templated":true}]}}