{"id":9423,"date":"2025-10-12T22:09:59","date_gmt":"2025-10-12T20:09:59","guid":{"rendered":"https:\/\/www.lechemindetraverse.com\/?post_type=product&#038;p=9423"},"modified":"2025-10-12T22:09:59","modified_gmt":"2025-10-12T20:09:59","slug":"tote-bag-de-sorcieres-girls-will-be-girls-something-different","status":"publish","type":"product","link":"https:\/\/www.lechemindetraverse.com\/en\/product\/mrs-guipure\/leather-goods-bags\/tote-bag-de-sorcieres-girls-will-be-girls-something-different\/","title":{"rendered":"Tote Bag de Sorci\u00e8res \u00ab\u00a0Girls will be Girls\u00a0\u00bb &#8211; Something Different"},"content":{"rendered":"<p>Affichez fi\u00e8rement votre passion pour la sorcellerie lors de vos d\u00e9placements gr\u00e2ce \u00e0 ce sac fourre-tout noir audacieux orn\u00e9 d&rsquo;un trio de sorci\u00e8res jetant des sorts et de la phrase \u00ab Girls Will Be Girls \u00bb (les filles seront toujours des filles).<\/p>\n<p>Id\u00e9al pour transporter des livres, des courses ou des fournitures magiques avec une touche d&rsquo;attitude et de style. 98 % polyester, 2 % coton.<\/p>","protected":false},"excerpt":{"rendered":"<p>Dimensions : 70 cm (anses incluses) X 35 cm X 0,5 cm<\/p>","protected":false},"featured_media":9501,"comment_status":"closed","ping_status":"closed","template":"","meta":{"_seopress_robots_primary_cat":"","_seopress_titles_title":"","_seopress_titles_desc":"","_seopress_robots_index":""},"product_brand":[126],"product_cat":[112],"product_tag":[],"class_list":{"0":"post-9423","1":"product","2":"type-product","3":"status-publish","4":"has-post-thumbnail","6":"product_brand-something-different","7":"product_cat-sacs-maroquinerie","9":"first","10":"instock","11":"shipping-taxable","12":"purchasable","13":"product-type-simple"},"_links":{"self":[{"href":"https:\/\/www.lechemindetraverse.com\/en\/wp-json\/wp\/v2\/product\/9423","targetHints":{"allow":["GET"]}}],"collection":[{"href":"https:\/\/www.lechemindetraverse.com\/en\/wp-json\/wp\/v2\/product"}],"about":[{"href":"https:\/\/www.lechemindetraverse.com\/en\/wp-json\/wp\/v2\/types\/product"}],"replies":[{"embeddable":true,"href":"https:\/\/www.lechemindetraverse.com\/en\/wp-json\/wp\/v2\/comments?post=9423"}],"wp:featuredmedia":[{"embeddable":true,"href":"https:\/\/www.lechemindetraverse.com\/en\/wp-json\/wp\/v2\/media\/9501"}],"wp:attachment":[{"href":"https:\/\/www.lechemindetraverse.com\/en\/wp-json\/wp\/v2\/media?parent=9423"}],"wp:term":[{"taxonomy":"product_brand","embeddable":true,"href":"https:\/\/www.lechemindetraverse.com\/en\/wp-json\/wp\/v2\/product_brand?post=9423"},{"taxonomy":"product_cat","embeddable":true,"href":"https:\/\/www.lechemindetraverse.com\/en\/wp-json\/wp\/v2\/product_cat?post=9423"},{"taxonomy":"product_tag","embeddable":true,"href":"https:\/\/www.lechemindetraverse.com\/en\/wp-json\/wp\/v2\/product_tag?post=9423"}],"curies":[{"name":"wp","href":"https:\/\/api.w.org\/{rel}","templated":true}]}}