{"id":9430,"date":"2025-10-12T22:44:59","date_gmt":"2025-10-12T20:44:59","guid":{"rendered":"https:\/\/www.lechemindetraverse.com\/?post_type=product&#038;p=9430"},"modified":"2025-10-12T22:59:00","modified_gmt":"2025-10-12T20:59:00","slug":"trousse-troisieme-oeil-something-different","status":"publish","type":"product","link":"https:\/\/www.lechemindetraverse.com\/en\/product\/mrs-guipure\/leather-goods-bags\/trousse-troisieme-oeil-something-different\/","title":{"rendered":"Third Eye Kit \u2013 Something Different"},"content":{"rendered":"<p>Gardez vos essentiels en s\u00e9curit\u00e9 avec style gr\u00e2ce \u00e0 cette trousse en velours bleu fonc\u00e9 orn\u00e9e d&rsquo;un imprim\u00e9 c\u00e9leste repr\u00e9sentant un \u0153il qui voit tout, avec des \u00e9toiles et une pampille dor\u00e9e sur la fermeture \u00e9clair.<\/p>\n<p>Id\u00e9ale pour ranger vos cosm\u00e9tiques, maquillage, vos articles de toilette ou vos accessoires magiques du quotidien lorsque vous \u00eates en d\u00e9placement.<\/p>\n<p>Les accessoires pr\u00e9sent\u00e9s en photo compl\u00e9mentaire ne sont pas inclus.<\/p>","protected":false},"excerpt":{"rendered":"<p>Dimensions : 21 cm x 10 cm x 11 cm<\/p>","protected":false},"featured_media":9531,"comment_status":"closed","ping_status":"closed","template":"","meta":{"_seopress_robots_primary_cat":"","_seopress_titles_title":"","_seopress_titles_desc":"","_seopress_robots_index":""},"product_brand":[126],"product_cat":[112],"product_tag":[],"class_list":{"0":"post-9430","1":"product","2":"type-product","3":"status-publish","4":"has-post-thumbnail","6":"product_brand-something-different","7":"product_cat-sacs-maroquinerie","9":"first","10":"instock","11":"shipping-taxable","12":"purchasable","13":"product-type-simple"},"_links":{"self":[{"href":"https:\/\/www.lechemindetraverse.com\/en\/wp-json\/wp\/v2\/product\/9430","targetHints":{"allow":["GET"]}}],"collection":[{"href":"https:\/\/www.lechemindetraverse.com\/en\/wp-json\/wp\/v2\/product"}],"about":[{"href":"https:\/\/www.lechemindetraverse.com\/en\/wp-json\/wp\/v2\/types\/product"}],"replies":[{"embeddable":true,"href":"https:\/\/www.lechemindetraverse.com\/en\/wp-json\/wp\/v2\/comments?post=9430"}],"wp:featuredmedia":[{"embeddable":true,"href":"https:\/\/www.lechemindetraverse.com\/en\/wp-json\/wp\/v2\/media\/9531"}],"wp:attachment":[{"href":"https:\/\/www.lechemindetraverse.com\/en\/wp-json\/wp\/v2\/media?parent=9430"}],"wp:term":[{"taxonomy":"product_brand","embeddable":true,"href":"https:\/\/www.lechemindetraverse.com\/en\/wp-json\/wp\/v2\/product_brand?post=9430"},{"taxonomy":"product_cat","embeddable":true,"href":"https:\/\/www.lechemindetraverse.com\/en\/wp-json\/wp\/v2\/product_cat?post=9430"},{"taxonomy":"product_tag","embeddable":true,"href":"https:\/\/www.lechemindetraverse.com\/en\/wp-json\/wp\/v2\/product_tag?post=9430"}],"curies":[{"name":"wp","href":"https:\/\/api.w.org\/{rel}","templated":true}]}}