{"id":9431,"date":"2025-10-12T22:49:19","date_gmt":"2025-10-12T20:49:19","guid":{"rendered":"https:\/\/www.lechemindetraverse.com\/?post_type=product&#038;p=9431"},"modified":"2025-12-07T17:20:37","modified_gmt":"2025-12-07T16:20:37","slug":"collier-medaillon-en-forme-de-livre-en-coffret-cadeau-something-different","status":"publish","type":"product","link":"https:\/\/www.lechemindetraverse.com\/en\/product\/mrs-guipure\/bijoux-harry-potter\/collier-medaillon-en-forme-de-livre-en-coffret-cadeau-something-different\/","title":{"rendered":"Collier M\u00e9daillon en Forme de Livre en Coffret Cadeau &#8211; Something Different"},"content":{"rendered":"<p>Ce collier m\u00e9daillon dor\u00e9 s&rsquo;ouvre comme un livre miniature, ce qui en fait un pr\u00e9cieux souvenir pour les amateurs de livres qui gardent les histoires pr\u00e8s de leur c\u0153ur. Pr\u00e9sent\u00e9 dans un coffret cadeau assorti, c&rsquo;est un cadeau attentionn\u00e9 et inspir\u00e9 de la litt\u00e9rature.<\/p>\n<p>Fabriqu\u00e9 en acier inoxydable. Peut contenir des traces de nickel et est fabriqu\u00e9 \u00e0 partir d&rsquo;un alliage conforme \u00e0 la sp\u00e9cification REACH.<\/p>","protected":false},"excerpt":{"rendered":"<ul>\n<li>Dimensions du produit H 25 cm x L 2 cm x P 0,5 cm<\/li>\n<li>Dimensions de la bo\u00eete H 11 cm x L 8,5 cm x P 2,5 cm<\/li>\n<\/ul>","protected":false},"featured_media":9536,"comment_status":"closed","ping_status":"closed","template":"","meta":{"_seopress_robots_primary_cat":"","_seopress_titles_title":"","_seopress_titles_desc":"","_seopress_robots_index":""},"product_brand":[126],"product_cat":[110],"product_tag":[],"class_list":{"0":"post-9431","1":"product","2":"type-product","3":"status-publish","4":"has-post-thumbnail","6":"product_brand-something-different","7":"product_cat-bijoux-harry-potter","9":"first","10":"outofstock","11":"shipping-taxable","12":"purchasable","13":"product-type-simple"},"_links":{"self":[{"href":"https:\/\/www.lechemindetraverse.com\/en\/wp-json\/wp\/v2\/product\/9431","targetHints":{"allow":["GET"]}}],"collection":[{"href":"https:\/\/www.lechemindetraverse.com\/en\/wp-json\/wp\/v2\/product"}],"about":[{"href":"https:\/\/www.lechemindetraverse.com\/en\/wp-json\/wp\/v2\/types\/product"}],"replies":[{"embeddable":true,"href":"https:\/\/www.lechemindetraverse.com\/en\/wp-json\/wp\/v2\/comments?post=9431"}],"wp:featuredmedia":[{"embeddable":true,"href":"https:\/\/www.lechemindetraverse.com\/en\/wp-json\/wp\/v2\/media\/9536"}],"wp:attachment":[{"href":"https:\/\/www.lechemindetraverse.com\/en\/wp-json\/wp\/v2\/media?parent=9431"}],"wp:term":[{"taxonomy":"product_brand","embeddable":true,"href":"https:\/\/www.lechemindetraverse.com\/en\/wp-json\/wp\/v2\/product_brand?post=9431"},{"taxonomy":"product_cat","embeddable":true,"href":"https:\/\/www.lechemindetraverse.com\/en\/wp-json\/wp\/v2\/product_cat?post=9431"},{"taxonomy":"product_tag","embeddable":true,"href":"https:\/\/www.lechemindetraverse.com\/en\/wp-json\/wp\/v2\/product_tag?post=9431"}],"curies":[{"name":"wp","href":"https:\/\/api.w.org\/{rel}","templated":true}]}}