{"id":9622,"date":"2025-10-23T22:17:14","date_gmt":"2025-10-23T20:17:14","guid":{"rendered":"https:\/\/www.lechemindetraverse.com\/?post_type=product&#038;p=9622"},"modified":"2026-02-07T23:38:14","modified_gmt":"2026-02-07T22:38:14","slug":"manique-tete-de-sanglier-the-copper-kettle-the-wizarding-trunk","status":"publish","type":"product","link":"https:\/\/www.lechemindetraverse.com\/en\/product\/boiling-cauldron\/cuisine-magique\/manique-tete-de-sanglier-the-copper-kettle-the-wizarding-trunk\/","title":{"rendered":"Manique T\u00eate de Sanglier &#8211; The Copper Kettle &#8211; The Wizarding Trunk"},"content":{"rendered":"<p>Cette curieuse manique ou gant de four vient du \u00ab\u00a0Copper Kettle\u00a0\u00bb, le pub magique \u00e0 la t\u00eate de sanglier.<\/p><p>La T\u00eate de Sanglier ( angl. Hog&rsquo;s Head ) est le nom d&rsquo;une auberge situ\u00e9e dans le village de Pr\u00e9-au-Lard. L&rsquo;animal embl\u00e9matique de Poudlard est le sanglier ail\u00e9. Wizarding Trunk s&rsquo;est inspir\u00e9 de ces deux \u00e9l\u00e9ments pour leur pub magique.<\/p><p>Parfait pour recr\u00e9er l&rsquo;ambiance magique d&rsquo;un pub de Pr\u00e9-au-Lard ! Ou des cuisines de Poudlard&#8230;<\/p><p>Le design \u00e0 damier reprend des \u00e9l\u00e9ments typiques du pub magiques : t\u00eate de sanglier, chopes de bi\u00e8raubeurre, chaudron qui fume&#8230;<\/p>","protected":false},"excerpt":{"rendered":"<p>Parfait pour recr\u00e9er l&rsquo;ambiance magique d&rsquo;un pub de Pr\u00e9-au-Lard ! Ou des cuisines de Poudlard&#8230;<\/p>","protected":false},"featured_media":10179,"comment_status":"open","ping_status":"closed","template":"","meta":{"_seopress_robots_primary_cat":"none","_seopress_titles_title":"%%post_title%% %%sep%% %%sitetitle%%","_seopress_titles_desc":"Parfait pour recr\u00e9er l'ambiance magique d'un pub de Pr\u00e9-au-Lard ! Ou des cuisines de Poudlard...","_seopress_robots_index":""},"product_brand":[139],"product_cat":[104],"product_tag":[],"class_list":{"0":"post-9622","1":"product","2":"type-product","3":"status-publish","4":"has-post-thumbnail","6":"product_brand-the-wizarding-trunk","7":"product_cat-cuisine-magique","9":"first","10":"instock","11":"shipping-taxable","12":"purchasable","13":"product-type-simple"},"_links":{"self":[{"href":"https:\/\/www.lechemindetraverse.com\/en\/wp-json\/wp\/v2\/product\/9622","targetHints":{"allow":["GET"]}}],"collection":[{"href":"https:\/\/www.lechemindetraverse.com\/en\/wp-json\/wp\/v2\/product"}],"about":[{"href":"https:\/\/www.lechemindetraverse.com\/en\/wp-json\/wp\/v2\/types\/product"}],"replies":[{"embeddable":true,"href":"https:\/\/www.lechemindetraverse.com\/en\/wp-json\/wp\/v2\/comments?post=9622"}],"wp:featuredmedia":[{"embeddable":true,"href":"https:\/\/www.lechemindetraverse.com\/en\/wp-json\/wp\/v2\/media\/10179"}],"wp:attachment":[{"href":"https:\/\/www.lechemindetraverse.com\/en\/wp-json\/wp\/v2\/media?parent=9622"}],"wp:term":[{"taxonomy":"product_brand","embeddable":true,"href":"https:\/\/www.lechemindetraverse.com\/en\/wp-json\/wp\/v2\/product_brand?post=9622"},{"taxonomy":"product_cat","embeddable":true,"href":"https:\/\/www.lechemindetraverse.com\/en\/wp-json\/wp\/v2\/product_cat?post=9622"},{"taxonomy":"product_tag","embeddable":true,"href":"https:\/\/www.lechemindetraverse.com\/en\/wp-json\/wp\/v2\/product_tag?post=9622"}],"curies":[{"name":"wp","href":"https:\/\/api.w.org\/{rel}","templated":true}]}}