{"id":9641,"date":"2025-10-23T22:34:16","date_gmt":"2025-10-23T20:34:16","guid":{"rendered":"https:\/\/www.lechemindetraverse.com\/?post_type=product&#038;p=9641"},"modified":"2026-02-07T23:43:08","modified_gmt":"2026-02-07T22:43:08","slug":"tirage-dart-de-lapothicaire-the-wizarding-trunk","status":"publish","type":"product","link":"https:\/\/www.lechemindetraverse.com\/en\/product\/librairie-fleury-et-bott\/art-et-affiches\/tirage-dart-de-lapothicaire-the-wizarding-trunk\/","title":{"rendered":"Tirage d&rsquo;Art de l&rsquo;Apothicaire &#8211; The Wizarding Trunk"},"content":{"rendered":"<p>Reproduction d&rsquo;une aquarelle repr\u00e9sentant les \u00e9tag\u00e8res remplies de potions d&rsquo;un apothicaire.<\/p>","protected":false},"excerpt":{"rendered":"<p>Dimensions : un peu plus grand qu&rsquo;une carte postale<\/p>","protected":false},"featured_media":10186,"comment_status":"closed","ping_status":"closed","template":"","meta":{"_seopress_robots_primary_cat":"none","_seopress_titles_title":"%%post_title%% %%sep%% %%sitetitle%%","_seopress_titles_desc":"Reproduction d'une aquarelle repr\u00e9sentant les \u00e9tag\u00e8res remplies de potions d'un apothicaire.","_seopress_robots_index":""},"product_brand":[139],"product_cat":[175],"product_tag":[],"class_list":{"0":"post-9641","1":"product","2":"type-product","3":"status-publish","4":"has-post-thumbnail","6":"product_brand-the-wizarding-trunk","7":"product_cat-art-et-affiches","9":"first","10":"instock","11":"shipping-taxable","12":"purchasable","13":"product-type-simple"},"_links":{"self":[{"href":"https:\/\/www.lechemindetraverse.com\/en\/wp-json\/wp\/v2\/product\/9641","targetHints":{"allow":["GET"]}}],"collection":[{"href":"https:\/\/www.lechemindetraverse.com\/en\/wp-json\/wp\/v2\/product"}],"about":[{"href":"https:\/\/www.lechemindetraverse.com\/en\/wp-json\/wp\/v2\/types\/product"}],"replies":[{"embeddable":true,"href":"https:\/\/www.lechemindetraverse.com\/en\/wp-json\/wp\/v2\/comments?post=9641"}],"wp:featuredmedia":[{"embeddable":true,"href":"https:\/\/www.lechemindetraverse.com\/en\/wp-json\/wp\/v2\/media\/10186"}],"wp:attachment":[{"href":"https:\/\/www.lechemindetraverse.com\/en\/wp-json\/wp\/v2\/media?parent=9641"}],"wp:term":[{"taxonomy":"product_brand","embeddable":true,"href":"https:\/\/www.lechemindetraverse.com\/en\/wp-json\/wp\/v2\/product_brand?post=9641"},{"taxonomy":"product_cat","embeddable":true,"href":"https:\/\/www.lechemindetraverse.com\/en\/wp-json\/wp\/v2\/product_cat?post=9641"},{"taxonomy":"product_tag","embeddable":true,"href":"https:\/\/www.lechemindetraverse.com\/en\/wp-json\/wp\/v2\/product_tag?post=9641"}],"curies":[{"name":"wp","href":"https:\/\/api.w.org\/{rel}","templated":true}]}}