{"id":9815,"date":"2025-12-03T00:07:43","date_gmt":"2025-12-02T23:07:43","guid":{"rendered":"https:\/\/www.lechemindetraverse.com\/?post_type=product&#038;p=9815"},"modified":"2025-12-03T00:22:07","modified_gmt":"2025-12-02T23:22:07","slug":"decoration-de-noel-a-suspendre-poudlard-sous-la-neige-the-carat-shop","status":"publish","type":"product","link":"https:\/\/www.lechemindetraverse.com\/en\/product\/boiling-cauldron\/decoration-noel\/decoration-de-noel-a-suspendre-poudlard-sous-la-neige-the-carat-shop\/","title":{"rendered":"D\u00e9coration de No\u00ebl \u00e0 Suspendre &#8211; Poudlard sous la Neige &#8211; The Carat Shop"},"content":{"rendered":"<p>Pr\u00e9parez-vous pour les f\u00eates de fin d&rsquo;ann\u00e9e avec cette d\u00e9coration \u00e0 suspendre Harry Potter Hogwarts in the Snow, orn\u00e9e d&rsquo;une \u00e9toile en cristal et du c\u00e9l\u00e8bre logo Hogwarts. On y voit un cheval blanc tirer un traineau sur le lac gel\u00e9, avec le ch\u00e2teau de Poudlard dans le fond.<\/p><p>Avec ses d\u00e9tails scintillants et son ruban rouge orn\u00e9 du logo Harry Potter, cette d\u00e9coration est un incontournable pour la collection de tout fan.<\/p><p>Dimensions : 6 x 7 cm environ.<\/p><p>Compl\u00e9tez la d\u00e9coration de votre sapin avec nos <a href=\"https:\/\/www.lechemindetraverse.com\/en\/?s=boule+de+noel&amp;post_type=product&amp;dgwt_wcas=1\">boules de No\u00ebl Harry Potter<\/a> !<\/p>","protected":false},"excerpt":{"rendered":"<p>D\u00e9coration de No\u00ebl \u00e0 suspendre dans le sapin, repr\u00e9sentant un cheval et un traineau sur le lac gel\u00e9 de Poudlard.<\/p>\n<p>Compl\u00e9tez votre d\u00e9coration de No\u00ebl Harry Potter !<\/p>","protected":false},"featured_media":9810,"comment_status":"open","ping_status":"closed","template":"","meta":{"_seopress_robots_primary_cat":"none","_seopress_titles_title":"%%post_title%% %%sep%% %%sitetitle%%","_seopress_titles_desc":"D\u00e9coration de No\u00ebl \u00e0 suspendre dans le sapin, repr\u00e9sentant un cheval et un traineau sur le lac gel\u00e9 de Poudlard. Compl\u00e9tez votre d\u00e9coration de No\u00ebl Harry Potter !","_seopress_robots_index":""},"product_brand":[121],"product_cat":[142],"product_tag":[66],"class_list":{"0":"post-9815","1":"product","2":"type-product","3":"status-publish","4":"has-post-thumbnail","6":"product_brand-the-carat-shop","7":"product_cat-decoration-noel","8":"product_tag-poudlard","10":"first","11":"instock","12":"shipping-taxable","13":"purchasable","14":"product-type-simple"},"_links":{"self":[{"href":"https:\/\/www.lechemindetraverse.com\/en\/wp-json\/wp\/v2\/product\/9815","targetHints":{"allow":["GET"]}}],"collection":[{"href":"https:\/\/www.lechemindetraverse.com\/en\/wp-json\/wp\/v2\/product"}],"about":[{"href":"https:\/\/www.lechemindetraverse.com\/en\/wp-json\/wp\/v2\/types\/product"}],"replies":[{"embeddable":true,"href":"https:\/\/www.lechemindetraverse.com\/en\/wp-json\/wp\/v2\/comments?post=9815"}],"wp:featuredmedia":[{"embeddable":true,"href":"https:\/\/www.lechemindetraverse.com\/en\/wp-json\/wp\/v2\/media\/9810"}],"wp:attachment":[{"href":"https:\/\/www.lechemindetraverse.com\/en\/wp-json\/wp\/v2\/media?parent=9815"}],"wp:term":[{"taxonomy":"product_brand","embeddable":true,"href":"https:\/\/www.lechemindetraverse.com\/en\/wp-json\/wp\/v2\/product_brand?post=9815"},{"taxonomy":"product_cat","embeddable":true,"href":"https:\/\/www.lechemindetraverse.com\/en\/wp-json\/wp\/v2\/product_cat?post=9815"},{"taxonomy":"product_tag","embeddable":true,"href":"https:\/\/www.lechemindetraverse.com\/en\/wp-json\/wp\/v2\/product_tag?post=9815"}],"curies":[{"name":"wp","href":"https:\/\/api.w.org\/{rel}","templated":true}]}}