{"id":9816,"date":"2025-12-03T00:12:28","date_gmt":"2025-12-02T23:12:28","guid":{"rendered":"https:\/\/www.lechemindetraverse.com\/?post_type=product&#038;p=9816"},"modified":"2025-12-03T00:21:55","modified_gmt":"2025-12-02T23:21:55","slug":"decoration-de-noel-a-suspendre-poudlard-express-the-carat-shop","status":"publish","type":"product","link":"https:\/\/www.lechemindetraverse.com\/en\/product\/boiling-cauldron\/decoration-noel\/decoration-de-noel-a-suspendre-poudlard-express-the-carat-shop\/","title":{"rendered":"D\u00e9coration de No\u00ebl \u00e0 Suspendre &#8211; Poudlard Express &#8211; The Carat Shop"},"content":{"rendered":"<p>Apportez une touche de magie \u00e0 votre d\u00e9coration de No\u00ebl avec cette ravissante d\u00e9coration \u00e0 suspendre repr\u00e9sentant le Poudlard Express. Un petit charm de la c\u00e9l\u00e8bre locomotive pend \u00e0 la pancarte !<\/p><p>Orn\u00e9e de d\u00e9tails scintillants et d&rsquo;\u00e9l\u00e9ments mobiles, cette d\u00e9coration de No\u00ebl est suspendue \u00e0 un ruban rouge festif orn\u00e9 du logo embl\u00e9matique d&rsquo;Harry Potter. Un incontournable pour tous les fans ! <\/p><p>Dimensions : 6 x 6,5 cm environ.<\/p><p>Compl\u00e9tez la d\u00e9coration de votre sapin avec nos <a href=\"https:\/\/www.lechemindetraverse.com\/en\/?s=boule+de+noel&amp;post_type=product&amp;dgwt_wcas=1\">boules de No\u00ebl Harry Potter<\/a> !<\/p>","protected":false},"excerpt":{"rendered":"<p>D\u00e9coration de No\u00ebl \u00e0 suspendre dans le sapin, repr\u00e9sentant la locomotive du Poudlard Express et une pancarte.<\/p>\n<p>Compl\u00e9tez votre d\u00e9coration de No\u00ebl Harry Potter !<\/p>","protected":false},"featured_media":9808,"comment_status":"open","ping_status":"closed","template":"","meta":{"_seopress_robots_primary_cat":"none","_seopress_titles_title":"%%post_title%% %%sep%% %%sitetitle%%","_seopress_titles_desc":"D\u00e9coration de No\u00ebl \u00e0 suspendre dans le sapin, repr\u00e9sentant la locomotive du Poudlard Express et une pancarte. Compl\u00e9tez votre d\u00e9coration de No\u00ebl Harry Potter !","_seopress_robots_index":""},"product_brand":[121],"product_cat":[142],"product_tag":[119],"class_list":{"0":"post-9816","1":"product","2":"type-product","3":"status-publish","4":"has-post-thumbnail","6":"product_brand-the-carat-shop","7":"product_cat-decoration-noel","8":"product_tag-poudlard-express","10":"first","11":"instock","12":"shipping-taxable","13":"purchasable","14":"product-type-simple"},"_links":{"self":[{"href":"https:\/\/www.lechemindetraverse.com\/en\/wp-json\/wp\/v2\/product\/9816","targetHints":{"allow":["GET"]}}],"collection":[{"href":"https:\/\/www.lechemindetraverse.com\/en\/wp-json\/wp\/v2\/product"}],"about":[{"href":"https:\/\/www.lechemindetraverse.com\/en\/wp-json\/wp\/v2\/types\/product"}],"replies":[{"embeddable":true,"href":"https:\/\/www.lechemindetraverse.com\/en\/wp-json\/wp\/v2\/comments?post=9816"}],"wp:featuredmedia":[{"embeddable":true,"href":"https:\/\/www.lechemindetraverse.com\/en\/wp-json\/wp\/v2\/media\/9808"}],"wp:attachment":[{"href":"https:\/\/www.lechemindetraverse.com\/en\/wp-json\/wp\/v2\/media?parent=9816"}],"wp:term":[{"taxonomy":"product_brand","embeddable":true,"href":"https:\/\/www.lechemindetraverse.com\/en\/wp-json\/wp\/v2\/product_brand?post=9816"},{"taxonomy":"product_cat","embeddable":true,"href":"https:\/\/www.lechemindetraverse.com\/en\/wp-json\/wp\/v2\/product_cat?post=9816"},{"taxonomy":"product_tag","embeddable":true,"href":"https:\/\/www.lechemindetraverse.com\/en\/wp-json\/wp\/v2\/product_tag?post=9816"}],"curies":[{"name":"wp","href":"https:\/\/api.w.org\/{rel}","templated":true}]}}