{"id":9826,"date":"2025-12-03T19:04:31","date_gmt":"2025-12-03T18:04:31","guid":{"rendered":"https:\/\/www.lechemindetraverse.com\/?post_type=product&#038;p=9826"},"modified":"2025-12-03T19:04:33","modified_gmt":"2025-12-03T18:04:33","slug":"set-de-4-verres-a-shot-en-forme-de-cranes-something-different","status":"publish","type":"product","link":"https:\/\/www.lechemindetraverse.com\/en\/product\/boiling-cauldron\/verres-de-sorcier\/set-de-4-verres-a-shot-en-forme-de-cranes-something-different\/","title":{"rendered":"Set de 4 Verres \u00e0 Shot en forme de Cr\u00e2nes &#8211; Something Different"},"content":{"rendered":"<p>Levez votre verre \u00e0 l&rsquo;extraordinaire avec ces verres \u00e0 shot inoubliables au design unique en forme de cr\u00e2ne !<\/p><p>Que ce soit comme cadeau pour un ami qui aime les verres originaux ou pour compl\u00e9ter votre propre collection d&rsquo;accessoires de bar uniques, ces verres \u00e0 shot en forme de cr\u00e2ne seront \u00e0 coup s\u00fbr tr\u00e8s appr\u00e9ci\u00e9s.<\/p><p>Lavage \u00e0 la main uniquement. Ne convient pas au micro-ondes. 4 x 60 ml. Les autres accessoires pr\u00e9sent\u00e9s ne sont pas inclus.<\/p>","protected":false},"excerpt":{"rendered":"<p>4 verres \u00e0 shot en forme de cr\u00e2ne, parfait pour un anniversaire de mort avec des fant\u00f4mes !<\/p>","protected":false},"featured_media":9832,"comment_status":"closed","ping_status":"closed","template":"","meta":{"_seopress_robots_primary_cat":"","_seopress_titles_title":"%%post_title%% %%sep%% %%sitetitle%%","_seopress_titles_desc":"4 verres \u00e0 shot en forme de cr\u00e2ne, parfait pour un anniversaire de mort avec des fant\u00f4mes !","_seopress_robots_index":""},"product_brand":[126],"product_cat":[199],"product_tag":[],"class_list":{"0":"post-9826","1":"product","2":"type-product","3":"status-publish","4":"has-post-thumbnail","6":"product_brand-something-different","7":"product_cat-verres-de-sorcier","9":"first","10":"instock","11":"shipping-taxable","12":"purchasable","13":"product-type-simple"},"_links":{"self":[{"href":"https:\/\/www.lechemindetraverse.com\/en\/wp-json\/wp\/v2\/product\/9826","targetHints":{"allow":["GET"]}}],"collection":[{"href":"https:\/\/www.lechemindetraverse.com\/en\/wp-json\/wp\/v2\/product"}],"about":[{"href":"https:\/\/www.lechemindetraverse.com\/en\/wp-json\/wp\/v2\/types\/product"}],"replies":[{"embeddable":true,"href":"https:\/\/www.lechemindetraverse.com\/en\/wp-json\/wp\/v2\/comments?post=9826"}],"wp:featuredmedia":[{"embeddable":true,"href":"https:\/\/www.lechemindetraverse.com\/en\/wp-json\/wp\/v2\/media\/9832"}],"wp:attachment":[{"href":"https:\/\/www.lechemindetraverse.com\/en\/wp-json\/wp\/v2\/media?parent=9826"}],"wp:term":[{"taxonomy":"product_brand","embeddable":true,"href":"https:\/\/www.lechemindetraverse.com\/en\/wp-json\/wp\/v2\/product_brand?post=9826"},{"taxonomy":"product_cat","embeddable":true,"href":"https:\/\/www.lechemindetraverse.com\/en\/wp-json\/wp\/v2\/product_cat?post=9826"},{"taxonomy":"product_tag","embeddable":true,"href":"https:\/\/www.lechemindetraverse.com\/en\/wp-json\/wp\/v2\/product_tag?post=9826"}],"curies":[{"name":"wp","href":"https:\/\/api.w.org\/{rel}","templated":true}]}}