{"id":9934,"date":"2025-12-11T15:33:38","date_gmt":"2025-12-11T14:33:38","guid":{"rendered":"https:\/\/www.lechemindetraverse.com\/?post_type=product&#038;p=9934"},"modified":"2025-12-11T17:55:15","modified_gmt":"2025-12-11T16:55:15","slug":"porte-cles-choixpeau-magique-the-carat-shop","status":"publish","type":"product","link":"https:\/\/www.lechemindetraverse.com\/en\/product\/mrs-guipure\/porte-cles\/porte-cles-choixpeau-magique-the-carat-shop\/","title":{"rendered":"Porte-cl\u00e9s Choixpeau Magique &#8211; The Carat Shop"},"content":{"rendered":"<p>Rangez vos cl\u00e9s gr\u00e2ce \u00e0 notre porte-cl\u00e9s Harry Potter Sorting Hat, inspir\u00e9 du c\u00e9l\u00e8bre chapeau qui r\u00e9partit les \u00e9l\u00e8ves de Poudlard dans leur maison respective ! Dans quelle maison \u00eates-vous ?<\/p>","protected":false},"excerpt":{"rendered":"<p>Dans quelle maison \u00eates-vous ?<\/p>","protected":false},"featured_media":9950,"comment_status":"closed","ping_status":"closed","template":"","meta":{"_seopress_robots_primary_cat":"","_seopress_titles_title":"","_seopress_titles_desc":"","_seopress_robots_index":""},"product_brand":[121],"product_cat":[162],"product_tag":[188],"class_list":{"0":"post-9934","1":"product","2":"type-product","3":"status-publish","4":"has-post-thumbnail","6":"product_brand-the-carat-shop","7":"product_cat-porte-cles","8":"product_tag-choixpeau-magique","10":"first","11":"instock","12":"shipping-taxable","13":"purchasable","14":"product-type-simple"},"_links":{"self":[{"href":"https:\/\/www.lechemindetraverse.com\/en\/wp-json\/wp\/v2\/product\/9934","targetHints":{"allow":["GET"]}}],"collection":[{"href":"https:\/\/www.lechemindetraverse.com\/en\/wp-json\/wp\/v2\/product"}],"about":[{"href":"https:\/\/www.lechemindetraverse.com\/en\/wp-json\/wp\/v2\/types\/product"}],"replies":[{"embeddable":true,"href":"https:\/\/www.lechemindetraverse.com\/en\/wp-json\/wp\/v2\/comments?post=9934"}],"wp:featuredmedia":[{"embeddable":true,"href":"https:\/\/www.lechemindetraverse.com\/en\/wp-json\/wp\/v2\/media\/9950"}],"wp:attachment":[{"href":"https:\/\/www.lechemindetraverse.com\/en\/wp-json\/wp\/v2\/media?parent=9934"}],"wp:term":[{"taxonomy":"product_brand","embeddable":true,"href":"https:\/\/www.lechemindetraverse.com\/en\/wp-json\/wp\/v2\/product_brand?post=9934"},{"taxonomy":"product_cat","embeddable":true,"href":"https:\/\/www.lechemindetraverse.com\/en\/wp-json\/wp\/v2\/product_cat?post=9934"},{"taxonomy":"product_tag","embeddable":true,"href":"https:\/\/www.lechemindetraverse.com\/en\/wp-json\/wp\/v2\/product_tag?post=9934"}],"curies":[{"name":"wp","href":"https:\/\/api.w.org\/{rel}","templated":true}]}}