{"id":9941,"date":"2025-12-11T17:19:19","date_gmt":"2025-12-11T16:19:19","guid":{"rendered":"https:\/\/www.lechemindetraverse.com\/?post_type=product&#038;p=9941"},"modified":"2025-12-11T17:55:14","modified_gmt":"2025-12-11T16:55:14","slug":"pins-dobby-kawaii-the-carat-shop","status":"publish","type":"product","link":"https:\/\/www.lechemindetraverse.com\/en\/product\/mrs-guipure\/pins-badges-harry-potter\/pins-dobby-kawaii-the-carat-shop\/","title":{"rendered":"Pin&rsquo;s Dobby Kawaii &#8211; The Carat Shop"},"content":{"rendered":"<p>Une adaptation chibi\/cartoon\/Kawaii de Dobby l&rsquo;elfe de maison. Dobby \u00e9tait l&rsquo;ami fid\u00e8le d&rsquo;Harry Potter apr\u00e8s s&rsquo;\u00eatre \u00e9chapp\u00e9 de la maison des Malfoy.<\/p>\n<p>Il mesure environ 20 mm de haut et 16 mm de large.<\/p>\n<p>Ce pin&rsquo;s est livr\u00e9 dans un emballage officiel Harry Potter.<\/p>\n<p>Ce pin&rsquo;s est plaqu\u00e9 argent avec des d\u00e9tails en \u00e9mail.<\/p>","protected":false},"excerpt":{"rendered":"<p>Une adaptation chibi\/cartoon de Dobby l&rsquo;elfe de maison.<\/p>","protected":false},"featured_media":9960,"comment_status":"closed","ping_status":"closed","template":"","meta":{"_seopress_robots_primary_cat":"","_seopress_titles_title":"","_seopress_titles_desc":"","_seopress_robots_index":""},"product_brand":[121],"product_cat":[99],"product_tag":[116],"class_list":{"0":"post-9941","1":"product","2":"type-product","3":"status-publish","4":"has-post-thumbnail","6":"product_brand-the-carat-shop","7":"product_cat-pins-badges-harry-potter","8":"product_tag-dobby","10":"first","11":"instock","12":"shipping-taxable","13":"purchasable","14":"product-type-simple"},"_links":{"self":[{"href":"https:\/\/www.lechemindetraverse.com\/en\/wp-json\/wp\/v2\/product\/9941","targetHints":{"allow":["GET"]}}],"collection":[{"href":"https:\/\/www.lechemindetraverse.com\/en\/wp-json\/wp\/v2\/product"}],"about":[{"href":"https:\/\/www.lechemindetraverse.com\/en\/wp-json\/wp\/v2\/types\/product"}],"replies":[{"embeddable":true,"href":"https:\/\/www.lechemindetraverse.com\/en\/wp-json\/wp\/v2\/comments?post=9941"}],"wp:featuredmedia":[{"embeddable":true,"href":"https:\/\/www.lechemindetraverse.com\/en\/wp-json\/wp\/v2\/media\/9960"}],"wp:attachment":[{"href":"https:\/\/www.lechemindetraverse.com\/en\/wp-json\/wp\/v2\/media?parent=9941"}],"wp:term":[{"taxonomy":"product_brand","embeddable":true,"href":"https:\/\/www.lechemindetraverse.com\/en\/wp-json\/wp\/v2\/product_brand?post=9941"},{"taxonomy":"product_cat","embeddable":true,"href":"https:\/\/www.lechemindetraverse.com\/en\/wp-json\/wp\/v2\/product_cat?post=9941"},{"taxonomy":"product_tag","embeddable":true,"href":"https:\/\/www.lechemindetraverse.com\/en\/wp-json\/wp\/v2\/product_tag?post=9941"}],"curies":[{"name":"wp","href":"https:\/\/api.w.org\/{rel}","templated":true}]}}